{"id":366,"date":"2022-06-20T10:45:26","date_gmt":"2022-06-20T15:45:26","guid":{"rendered":"http:\/\/tejano-legacy.one.zysites.com\/about-us\/"},"modified":"2022-09-26T13:19:59","modified_gmt":"2022-09-26T18:19:59","slug":"about-us","status":"publish","type":"page","link":"https:\/\/www.tejanolegacyins.com\/es\/about-us\/","title":{"rendered":"Sobre nosotros"},"content":{"rendered":"<p>Tejano Legacy es una agencia de seguros independiente establecida y de propiedad familiar con casi 20 a\u00f1os de experiencia en la industria de seguros. Estamos orgullosos de tener la oportunidad y la capacidad de ofrecer cobertura a trav\u00e9s de varias compa\u00f1\u00edas de seguros para ayudarlo a encontrar la cobertura m\u00e1s asequible que se ajuste y satisfaga sus necesidades de seguro. Como agencia familiar, sabemos lo importante que es tener la protecci\u00f3n de la vida cotidiana impredecible. La tranquilidad y la tranquilidad de saber que nuestros seres queridos estar\u00e1n protegidos en caso de imprevistos es algo por lo que nos esforzamos. \u00a1Nuestro objetivo es brindarle un excelente servicio al cliente y ayudarlo a adaptar y personalizar su cobertura de seguro en cada paso del camino!<\/p>\n","protected":false},"excerpt":{"rendered":"<p>Tejano Legacy es una agencia de seguros independiente establecida y de propiedad familiar con casi 20 a\u00f1os de experiencia en la industria de seguros. Estamos orgullosos de tener la oportunidad y la capacidad de ofrecer cobertura a trav\u00e9s de varias compa\u00f1\u00edas de seguros para ayudarlo a encontrar la cobertura m\u00e1s asequible que se ajuste y [&hellip;]<\/p>\n","protected":false},"author":6,"featured_media":0,"parent":0,"menu_order":0,"comment_status":"closed","ping_status":"closed","template":"","meta":{"_acf_changed":false,"_seopress_robots_primary_cat":"0","_seopress_titles_title":"","_seopress_titles_desc":"","_seopress_robots_index":"","_analytify_skip_tracking":false,"footnotes":""},"class_list":["post-366","page","type-page","status-publish","hentry"],"acf":[],"_links":{"self":[{"href":"https:\/\/www.tejanolegacyins.com\/es\/wp-json\/wp\/v2\/pages\/366","targetHints":{"allow":["GET"]}}],"collection":[{"href":"https:\/\/www.tejanolegacyins.com\/es\/wp-json\/wp\/v2\/pages"}],"about":[{"href":"https:\/\/www.tejanolegacyins.com\/es\/wp-json\/wp\/v2\/types\/page"}],"author":[{"embeddable":true,"href":"https:\/\/www.tejanolegacyins.com\/es\/wp-json\/wp\/v2\/users\/6"}],"replies":[{"embeddable":true,"href":"https:\/\/www.tejanolegacyins.com\/es\/wp-json\/wp\/v2\/comments?post=366"}],"version-history":[{"count":0,"href":"https:\/\/www.tejanolegacyins.com\/es\/wp-json\/wp\/v2\/pages\/366\/revisions"}],"wp:attachment":[{"href":"https:\/\/www.tejanolegacyins.com\/es\/wp-json\/wp\/v2\/media?parent=366"}],"curies":[{"name":"wp","href":"https:\/\/api.w.org\/{rel}","templated":true}]}}